{"id":590,"date":"2025-03-21T17:03:26","date_gmt":"2025-03-21T16:03:26","guid":{"rendered":"http:\/\/localhost\/seprelad\/?page_id=590"},"modified":"2025-07-14T13:52:52","modified_gmt":"2025-07-14T11:52:52","slug":"cooperacion-con-organismos-internacionales","status":"publish","type":"page","link":"\/?page_id=590","title":{"rendered":"Convenios Internacionales \u2013 MOU"},"content":{"rendered":"<p style=\"text-align: justify;\"><em>Con la creaci\u00f3n de la SEPRELAD se iniciaron los contactos con otras UNIDADES de INTELIGENCIA FINANCIERA (UIF) a nivel internacional\u00a0 y se logr\u00f3 el reconocimiento por parte del GRUPO EGMONT como miembro regular en el a\u00f1o 1997 en ocasi\u00f3n de la VI Reuni\u00f3n Plenaria del Grupo en Buenos Aires. Desde entonces, la UIF-SEPRELAD ha participado en las distintas reuniones plenarias del GRUPO EGMONT y ha entablado relaciones con las unidades hom\u00f3logas suscribiendo diversos Convenios de Cooperaci\u00f3n, de trabajo en conjunto, firmando Memor\u00e1ndum de Entendimiento (MOU), que permiten un intercambio fluido de informaci\u00f3n, de manera segura y fiable siendo:<\/em><\/p>\n\n\n<figure class=\"wp-block-image size-full is-resized\"><a href=\"documentos\/CONVENIOS_INTERNACIONALES_MOU.pdf\" target=\"_blank\" rel=\" noreferrer noopener\"><img loading=\"lazy\" decoding=\"async\" width=\"512\" height=\"512\" src=\"\/wp-content\/uploads\/2025\/03\/pdf.png\" alt=\"\" class=\"wp-image-591\" style=\"width:140px;height:auto\" srcset=\"\/wp-content\/uploads\/2025\/03\/pdf.png 512w, \/wp-content\/uploads\/2025\/03\/pdf-300x300.png 300w, \/wp-content\/uploads\/2025\/03\/pdf-150x150.png 150w\" sizes=\"auto, (max-width: 512px) 100vw, 512px\" \/><\/a><\/figure>\n\n\n\n<p><\/p>\n","protected":false},"excerpt":{"rendered":"<p>Con la creaci\u00f3n de la SEPRELAD se iniciaron los contactos con otras UNIDADES de INTELIGENCIA FINANCIERA (UIF) a nivel internacional\u00a0 y se logr\u00f3 el reconocimiento por parte del GRUPO EGMONT como miembro regular en el a\u00f1o 1997 en ocasi\u00f3n de la VI Reuni\u00f3n Plenaria del Grupo en Buenos Aires. Desde entonces, la UIF-SEPRELAD ha participado [&hellip;]<\/p>\n","protected":false},"author":1,"featured_media":0,"parent":0,"menu_order":3,"comment_status":"closed","ping_status":"closed","template":"","meta":{"footnotes":""},"class_list":["post-590","page","type-page","status-publish","hentry"],"_links":{"self":[{"href":"\/index.php?rest_route=\/wp\/v2\/pages\/590","targetHints":{"allow":["GET"]}}],"collection":[{"href":"\/index.php?rest_route=\/wp\/v2\/pages"}],"about":[{"href":"\/index.php?rest_route=\/wp\/v2\/types\/page"}],"author":[{"embeddable":true,"href":"\/index.php?rest_route=\/wp\/v2\/users\/1"}],"replies":[{"embeddable":true,"href":"\/index.php?rest_route=%2Fwp%2Fv2%2Fcomments&post=590"}],"version-history":[{"count":18,"href":"\/index.php?rest_route=\/wp\/v2\/pages\/590\/revisions"}],"predecessor-version":[{"id":2586,"href":"\/index.php?rest_route=\/wp\/v2\/pages\/590\/revisions\/2586"}],"wp:attachment":[{"href":"\/index.php?rest_route=%2Fwp%2Fv2%2Fmedia&parent=590"}],"curies":[{"name":"wp","href":"https:\/\/api.w.org\/{rel}","templated":true}]}}