{"id":2300,"date":"2025-07-08T15:17:45","date_gmt":"2025-07-08T13:17:45","guid":{"rendered":"http:\/\/10.1.3.5\/seprelad\/?page_id=2300"},"modified":"2025-07-14T04:57:38","modified_gmt":"2025-07-14T02:57:38","slug":"el-centro-de-capacitacion-y-adiestramiento-cecad","status":"publish","type":"page","link":"\/?page_id=2300","title":{"rendered":"El Centro de Capacitaci\u00f3n y Adiestramiento (CECAD"},"content":{"rendered":"\n<div class=\"wp-block-buttons is-layout-flex wp-block-buttons-is-layout-flex\">\n<div class=\"wp-block-button\"><a class=\"wp-block-button__link has-text-align-left wp-element-button\">El Centro de Capacitaci\u00f3n y Adiestramiento (CECAD), creado como \u00f3rgano especializado de la SEPRELAD, tiene como objetivo principal el adiestramiento, capacitaci\u00f3n y actualizaci\u00f3n en materia de prevenci\u00f3n del lavado de dinero o bienes y financiamiento del terrorismo. \u200b Busca fomentar la especializaci\u00f3n en esta \u00e1rea, dirigido a los sujetos obligados, funcionarios de la instituci\u00f3n, entidades gubernamentales y otras instituciones determinadas mediante reglamentaci\u00f3n.<\/a><\/div>\n<\/div>\n\n\n\n<p><\/p>\n\n\n\n<div class=\"wp-block-columns is-layout-flex wp-container-core-columns-is-layout-28f84493 wp-block-columns-is-layout-flex\">\n<div class=\"wp-block-column is-layout-flow wp-block-column-is-layout-flow\">\n<figure class=\"wp-block-image size-full has-custom-border zoom-image\"><a href=\"\/?p=2314\"><img loading=\"lazy\" decoding=\"async\" width=\"400\" height=\"200\" src=\"http:\/\/10.1.3.5\/seprelad\/wp-content\/uploads\/2025\/07\/19.png\" alt=\"\" class=\"wp-image-2305\" style=\"border-radius:10px\" srcset=\"\/wp-content\/uploads\/2025\/07\/19.png 400w, \/wp-content\/uploads\/2025\/07\/19-300x150.png 300w\" sizes=\"auto, (max-width: 400px) 100vw, 400px\" \/><\/a><\/figure>\n<\/div>\n\n\n\n<div class=\"wp-block-column is-layout-flow wp-block-column-is-layout-flow\">\n<figure class=\"wp-block-image size-full has-custom-border zoom-image\"><a href=\"\/?cat=35\"><img loading=\"lazy\" decoding=\"async\" width=\"400\" height=\"200\" src=\"http:\/\/10.1.3.5\/seprelad\/wp-content\/uploads\/2025\/07\/20.png\" alt=\"\" class=\"wp-image-2306\" style=\"border-radius:10px\" srcset=\"\/wp-content\/uploads\/2025\/07\/20.png 400w, \/wp-content\/uploads\/2025\/07\/20-300x150.png 300w\" sizes=\"auto, (max-width: 400px) 100vw, 400px\" \/><\/a><\/figure>\n<\/div>\n<\/div>\n\n\n\n<p><\/p>\n","protected":false},"excerpt":{"rendered":"","protected":false},"author":1,"featured_media":2301,"parent":0,"menu_order":0,"comment_status":"closed","ping_status":"closed","template":"","meta":{"footnotes":""},"class_list":["post-2300","page","type-page","status-publish","has-post-thumbnail","hentry"],"_links":{"self":[{"href":"\/index.php?rest_route=\/wp\/v2\/pages\/2300","targetHints":{"allow":["GET"]}}],"collection":[{"href":"\/index.php?rest_route=\/wp\/v2\/pages"}],"about":[{"href":"\/index.php?rest_route=\/wp\/v2\/types\/page"}],"author":[{"embeddable":true,"href":"\/index.php?rest_route=\/wp\/v2\/users\/1"}],"replies":[{"embeddable":true,"href":"\/index.php?rest_route=%2Fwp%2Fv2%2Fcomments&post=2300"}],"version-history":[{"count":11,"href":"\/index.php?rest_route=\/wp\/v2\/pages\/2300\/revisions"}],"predecessor-version":[{"id":2525,"href":"\/index.php?rest_route=\/wp\/v2\/pages\/2300\/revisions\/2525"}],"wp:featuredmedia":[{"embeddable":true,"href":"\/index.php?rest_route=\/wp\/v2\/media\/2301"}],"wp:attachment":[{"href":"\/index.php?rest_route=%2Fwp%2Fv2%2Fmedia&parent=2300"}],"curies":[{"name":"wp","href":"https:\/\/api.w.org\/{rel}","templated":true}]}}