{"id":2135,"date":"2025-07-02T12:50:27","date_gmt":"2025-07-02T10:50:27","guid":{"rendered":"http:\/\/10.1.3.5\/seprelad\/?page_id=2135"},"modified":"2025-09-30T16:07:33","modified_gmt":"2025-09-30T14:07:33","slug":"concursos","status":"publish","type":"page","link":"\/?page_id=2135","title":{"rendered":"Concursos"},"content":{"rendered":"<div class=\"container clearfix\">\n<h1>LA SECRETARIA DE PREVENCI\u00d3N DE LAVADO DE DINERO O\u00a0 BIENES \u2013 CONVOCA A\u00a0 Concurso de Oposici\u00f3n Interno Institucional (COII) para los siguientes puestos:<\/h1>\n<ol>\n<li>Analista Financiero Senior\u00a0 &#8211;\u00a0 Una (1) vacancia \u00a0\u00a0&#8211; Link: <a href=\"https:\/\/acortar.link\/G07JQv\">https:\/\/acortar.link\/G07JQv<\/a><\/li>\n<li>\u00a0Inspector Senior en Prevenci\u00f3n de Lavado de Activos \u2013 Tres(3) Vacancias\u00a0 Link <a href=\"https:\/\/acortar.link\/Ptz9hY\">https:\/\/acortar.link\/Ptz9hY<\/a><\/li>\n<li>Inspector Junior en Prevenci\u00f3n de Lavado de Activos \u2013 Una (1) Vacancia \u00a0&#8211; \u00a0Link \u00a0<a href=\"https:\/\/acortar.link\/2UNl3l\">https:\/\/acortar.link\/2UNl3l<\/a><\/li>\n<\/ol>\n<p><strong>Bases y condiciones en <a href=\"http:\/\/www.paraguayconcursa.gov.py\">www.paraguayconcursa.gov.py<\/a> <\/strong><\/p>\n<p><strong>link: <\/strong><strong><a href=\"https:\/\/acortar.link\/935K2v\">https:\/\/acortar.link\/935K2v<\/a><\/strong><\/p>\n<hr \/>\n<h1>LA SECRETARIA DE PREVENCI\u00d3N DE LAVADO DE DINERO O\u00a0 BIENES \u2013 SEPRELAD,\u00a0 CONVOCA A\u00a0 Concurso de M\u00c9RITOS PARA EL CARGO<\/h1>\n<ol>\n<li>\u00a0Desarrollador de Sistemas Inform\u00e1ticos Senior \u2013 Una (1) Vacancia \u00a0&#8211; Link: <a href=\"https:\/\/acortar.link\/Md5rKn\">https:\/\/acortar.link\/Md5rKn<\/a><\/li>\n<\/ol>\n<p><strong>Bases y condiciones en <a href=\"http:\/\/www.paraguayconcursa.gov.py\">www.paraguayconcursa.gov.py<\/a> <\/strong><\/p>\n<p><strong>link: <\/strong><strong><a href=\"https:\/\/acortar.link\/935K2v\">https:\/\/acortar.link\/935K2v<\/a><\/strong><\/p>\n<hr \/>\n<h1>ID del CONCURSO 8402 &#8211; Desarrollador de Sistemas Inform\u00e1ticos<\/h1>\n<p>16\/06\/2021<\/p>\n<h1>SECRETARIA DE PREVENCION DE LAVADO DE DINERO O BIENES (SEPRELAD)<\/h1>\n<dl>\n<dd>\n<h3>SEPRELAD llama a Concurso de M\u00e9ritos<\/h3>\n<\/dd>\n<dd>\n<h3>CONCURSO DE MERITOS<\/h3>\n<\/dd>\n<dd>\n<h3>Desarrollador de Sistemas Inform\u00e1ticos<\/h3>\n<\/dd>\n<dd>\n<h3>Publicado en el Portal de Paraguay Concursa desde 16\/06\/2021 &#8211; 08:20 hasta 25\/06\/2021 &#8211; 23:59<\/h3>\n<\/dd>\n<dd>\n<h3>Periodo de Postulaci\u00f3n : 25\/06\/2021 &#8211; 08:00 A 01\/07\/2021 &#8211; 15:00<\/h3>\n<\/dd>\n<\/dl>\n<hr \/>\n<p>16\/06\/2021<\/p>\n<h1>POSTULACI\u00d3N (Leer \u00edntegramente el Perfil, las Matrices y el Acta de la Comisi\u00f3n de Selecci\u00f3n)<\/h1>\n<p>Las postulaciones ser\u00e1n a trav\u00e9s de un formulario de postulaci\u00f3n a ser descargado desde el Portal \u00danico del Empleo P\u00fablico (PUEP) \u2013 Paraguay Concursa y debe ser enviado al correo electr\u00f3nico concursos@seprelad.gov.py, habilitado para el efecto.<\/p>\n<hr \/>\n<p>16\/06\/2021<\/p>\n<h1>CONTACTO PARA ACLARACIONES<\/h1>\n<p>Lic. Blanca Godoy Musa, Jefa de Departamento de Administraci\u00f3n y Bienestar del Personal, en horario de Lunes a Viernes de 08:00 a 15:00 horas; correo electr\u00f3nico concursos@seprelad.gov.py; Tel\u00e9fono N\u00b0 (021) 600 435 Int. 6116.<\/p>\n<hr \/>\n<p>16\/06\/2021<\/p>\n<h1>FORMULARIO DE POSTULACI\u00d3N<\/h1>\n<p><b>Puede descargar aqu\u00ed:<\/b><\/p>\n<h3><a href=\"https:\/\/www.paraguayconcursa.gov.py\/sicca\/seleccion\/verPostulacion\/verPostulacionPortal.seam?from=seleccion\/buscarConcurso\/evaluados\/evaluados&amp;imprimirCU=ImprimirDocAdjunto&amp;idPublicacionPortal=88973\">Formulario de Postulaci\u00f3n<\/a><\/h3>\n<hr \/>\n<p>16\/06\/2021<\/p>\n<h3>Leer integramente el Acta de la Comisi\u00f3n de Selecci\u00f3n<\/h3>\n<p><b>Puede descargar aqu\u00ed:<\/b><\/p>\n<h3><a href=\"https:\/\/www.paraguayconcursa.gov.py\/sicca\/seleccion\/verPostulacion\/verPostulacionPortal.seam?from=seleccion\/buscarConcurso\/evaluados\/evaluados&amp;imprimirCU=ImprimirDocAdjunto&amp;idPublicacionPortal=88974\">Acta de la Comisi\u00f3n de Selecci\u00f3n<\/a><\/h3>\n<hr \/>\n<p>07\/07\/2021<\/p>\n<h1>LISTA DE ADMITIDOS Y NO ADMITIDOS.<\/h1>\n<p><b>Puede descargar aqu\u00ed:<\/b><\/p>\n<h3><a href=\"https:\/\/www.paraguayconcursa.gov.py\/sicca\/seleccion\/verPostulacion\/verPostulacionPortal.seam?from=seleccion\/buscarConcurso\/evaluados\/evaluados&amp;imprimirCU=ImprimirDocAdjunto&amp;idPublicacionPortal=89303\">Listado<\/a><\/h3>\n<hr \/>\n<p>07\/07\/2021<\/p>\n<h1>CONVOCATORIA A REUNI\u00d3N INFORMATIVA<\/h1>\n<h3>DIA 12 DE JULIO DEL A\u00d1O EN CURSO EN HORARIO 09:00 A 10:00 HORAS<\/h3>\n<p>Lugar: Sal\u00f3n de Capacitaciones de la Terraza del Edificio Banco Central del Paraguay \u2013 Sector Cultural \u2013 PORT\u00d3N 4 , sito en Federaci\u00f3n Rusa y Augusto Roa Bastos, de la ciudad de Asunci\u00f3n.<\/p>\n<hr \/>\n<p>07\/07\/2021POSTULANTES PARA EL INGRESO DEBERAN PRESENTAR CEDULA DE IDENTIDAD CIVIL.<\/p>\n<hr \/>\n<p>07\/07\/2021<\/p>\n<h1>EVALUACI\u00d3N DE CONOCIMIENTOS Y ENTREVISTAS:<\/h1>\n<h3>DIA VIERNES 16 DE JULIO DEL A\u00d1O EN CURSO A PARTIR DE LAS 09:00 HORAS.<\/h3>\n<p>Lugar:Sal\u00f3n de Capacitaciones de la Terraza del Edificio Banco Central del Paraguay \u2013 Sector Cultural \u2013 PORT\u00d3N 4 , sito en Federaci\u00f3n Rusa y Augusto Roa Bastos, de la ciudad de Asunci\u00f3n.<\/p>\n<hr \/>\n<p>07\/07\/2021POSTULANTES PARA EL INGRESO DEBERAN PRESENTAR CEDULA DE IDENTIDAD CIVIL.<\/p>\n<hr \/>\n<p>07\/07\/2021<\/p>\n<h3>Leer integramente el Acta de la Comisi\u00f3n de Selecci\u00f3n<\/h3>\n<p><b>Puede descargar aqu\u00ed:<\/b><\/p>\n<h3><a href=\"https:\/\/www.paraguayconcursa.gov.py\/sicca\/seleccion\/verPostulacion\/verPostulacionPortal.seam?from=seleccion\/buscarConcurso\/evaluados\/evaluados&amp;imprimirCU=ImprimirDocAdjunto&amp;idPublicacionPortal=89308\">Acta de la Comisi\u00f3n de Selecci\u00f3n<\/a><\/h3>\n<hr \/>\n<p>13\/07\/2021<\/p>\n<h1>Bibliograf\u00eda para la EVALUACI\u00d3N DE CONOCIMIENTOS<\/h1>\n<p><b>Puede descargar aqu\u00ed:<\/b><\/p>\n<h3><a href=\"https:\/\/www.paraguayconcursa.gov.py\/sicca\/seleccion\/verPostulacion\/verPostulacionPortal.seam?from=seleccion\/buscarConcurso\/evaluados\/evaluados&amp;imprimirCU=ImprimirDocAdjunto&amp;idPublicacionPortal=89519\">Bibliografia<\/a><\/h3>\n<hr \/>\n<p>13\/07\/2021<\/p>\n<h3>Leer integramente el Acta de la Comisi\u00f3n de Selecci\u00f3n<\/h3>\n<p><b>Puede descargar aqu\u00ed:<\/b><\/p>\n<h3><a href=\"https:\/\/www.paraguayconcursa.gov.py\/sicca\/seleccion\/verPostulacion\/verPostulacionPortal.seam?from=seleccion\/buscarConcurso\/evaluados\/evaluados&amp;imprimirCU=ImprimirDocAdjunto&amp;idPublicacionPortal=89520\">Acta de la Comisi\u00f3n de Selecci\u00f3n<\/a><\/h3>\n<hr \/>\n<p>26\/07\/2021<\/p>\n<h1>LISTA FINAL (ORDEN DE MERITOS)<\/h1>\n<p><b>Puede descargar aqu\u00ed:<\/b><\/p>\n<h3><a href=\"https:\/\/www.paraguayconcursa.gov.py\/sicca\/seleccion\/verPostulacion\/verPostulacionPortal.seam?from=seleccion\/buscarConcurso\/evaluados\/evaluados&amp;imprimirCU=ImprimirDocAdjunto&amp;idPublicacionPortal=89759\">Listado<\/a><\/h3>\n<hr \/>\n<p>26\/07\/2021<\/p>\n<h1>MATRIZ DETALLADA<\/h1>\n<p><b>Puede descargar aqu\u00ed:<\/b><\/p>\n<h3><a href=\"https:\/\/www.paraguayconcursa.gov.py\/sicca\/seleccion\/verPostulacion\/verPostulacionPortal.seam?from=seleccion\/buscarConcurso\/evaluados\/evaluados&amp;imprimirCU=ImprimirDocAdjunto&amp;idPublicacionPortal=89760\">Matriz Detallada<\/a><\/h3>\n<hr \/>\n<p>26\/07\/2021<\/p>\n<h1>Leer integramente el Acta de la Comisi\u00f3n de Selecci\u00f3n<\/h1>\n<h3>Informaciones sobre:<\/h3>\n<p>Presentaci\u00f3n de Documentaci\u00f3n. Periodo de Tachas y Reclamos.<br \/><b>Puede descargar aqu\u00ed:<\/b><\/p>\n<h3><a href=\"https:\/\/www.paraguayconcursa.gov.py\/sicca\/seleccion\/verPostulacion\/verPostulacionPortal.seam?from=seleccion\/buscarConcurso\/evaluados\/evaluados&amp;imprimirCU=ImprimirDocAdjunto&amp;idPublicacionPortal=89761\">Acta de la Comisi\u00f3n de Selecci\u00f3n<\/a><\/h3>\n<hr \/>\n<p>17\/08\/2021<\/p>\n<h3>Leer \u00edntegramente las Actas e Informe de la Comisi\u00f3n de Selecci\u00f3n<\/h3>\n<p><b>Puede descargar aqu\u00ed<\/b><\/p>\n<h3><a href=\"https:\/\/www.paraguayconcursa.gov.py\/sicca\/seleccion\/verPostulacion\/verPostulacionPortal.seam?from=seleccion\/buscarConcurso\/evaluados\/evaluados&amp;imprimirCU=ImprimirDocAdjunto&amp;idPublicacionPortal=90571\">Actas e Informe<\/a><\/h3>\n<hr \/>\n<p>17\/08\/2021<\/p>\n<h1>LISTA SELECCIONADOS Y ELEGIBLES<\/h1>\n<p><b>Puede descargar aqu\u00ed<\/b><\/p>\n<h3><a href=\"https:\/\/www.paraguayconcursa.gov.py\/sicca\/seleccion\/verPostulacion\/verPostulacionPortal.seam?from=seleccion\/buscarConcurso\/evaluados\/evaluados&amp;imprimirCU=ImprimirDocAdjunto&amp;idPublicacionPortal=90572\">Listado<\/a><\/h3>\n<\/div>\n\n\n<p><\/p>\n","protected":false},"excerpt":{"rendered":"<p>LA SECRETARIA DE PREVENCI\u00d3N DE LAVADO DE DINERO O\u00a0 BIENES \u2013 CONVOCA A\u00a0 Concurso de Oposici\u00f3n Interno Institucional (COII) para los siguientes puestos: Analista Financiero Senior\u00a0 &#8211;\u00a0 Una (1) vacancia \u00a0\u00a0&#8211; Link: https:\/\/acortar.link\/G07JQv \u00a0Inspector Senior en Prevenci\u00f3n de Lavado de Activos \u2013 Tres(3) Vacancias\u00a0 Link https:\/\/acortar.link\/Ptz9hY Inspector Junior en Prevenci\u00f3n de Lavado de Activos \u2013 [&hellip;]<\/p>\n","protected":false},"author":1,"featured_media":0,"parent":0,"menu_order":0,"comment_status":"closed","ping_status":"closed","template":"","meta":{"footnotes":""},"class_list":["post-2135","page","type-page","status-publish","hentry"],"_links":{"self":[{"href":"\/index.php?rest_route=\/wp\/v2\/pages\/2135","targetHints":{"allow":["GET"]}}],"collection":[{"href":"\/index.php?rest_route=\/wp\/v2\/pages"}],"about":[{"href":"\/index.php?rest_route=\/wp\/v2\/types\/page"}],"author":[{"embeddable":true,"href":"\/index.php?rest_route=\/wp\/v2\/users\/1"}],"replies":[{"embeddable":true,"href":"\/index.php?rest_route=%2Fwp%2Fv2%2Fcomments&post=2135"}],"version-history":[{"count":6,"href":"\/index.php?rest_route=\/wp\/v2\/pages\/2135\/revisions"}],"predecessor-version":[{"id":3339,"href":"\/index.php?rest_route=\/wp\/v2\/pages\/2135\/revisions\/3339"}],"wp:attachment":[{"href":"\/index.php?rest_route=%2Fwp%2Fv2%2Fmedia&parent=2135"}],"curies":[{"name":"wp","href":"https:\/\/api.w.org\/{rel}","templated":true}]}}