{"id":2030,"date":"2025-06-18T17:52:13","date_gmt":"2025-06-18T15:52:13","guid":{"rendered":"http:\/\/10.1.3.5\/seprelad\/?page_id=2030"},"modified":"2025-07-16T13:01:44","modified_gmt":"2025-07-16T11:01:44","slug":"plan-estrategico-del-estado-paraguayo-2","status":"publish","type":"page","link":"\/?page_id=2030","title":{"rendered":"Plan Estrat\u00e9gico del Estado Paraguayo"},"content":{"rendered":"<div class=\"wp-block-media-text has-media-on-the-right is-stacked-on-mobile\">\n<div class=\"wp-block-media-text__content\">\n<p style=\"text-align: justify;\">El Plan Estrat\u00e9gico del Estado Paraguayo\u00a0\u00a0<strong>(PEEP<\/strong>) de Combate al Lavado de Activos (<strong>LA<\/strong>), el Financiamiento del Terrorismo (<strong>FT<\/strong>) y a la Proliferaci\u00f3n de Armas de Destrucci\u00f3n Masiva (<strong>FP<\/strong>), es una Pol\u00edtica de Estado que tiene por objeto organizar las acciones de las instituciones competentes para prevenir, detectar y reprimir eficazmente dichos delitos, a efectos de proteger la integridad del sistema econ\u00f3mico y preservar el orden y la seguridad p\u00fablica nacional. En este sentido,\u00a0 el\u00a0<strong>PEEP<\/strong> es resultado de un proceso interinstitucional que implica una decisi\u00f3n pol\u00edtica adoptada al m\u00e1s alto nivel del gobierno, impulsada desde la Presidencia de la Rep\u00fablica y apoyada en el compromiso y la cooperaci\u00f3n de importantes instituciones nacionales del sector p\u00fablico y privado, a los efectos; actualmente bajo la Coordinaci\u00f3n del Secretario Ejecutivo Ministro de la Secretar\u00eda de Prevenci\u00f3n de Lavado de Dinero o Bienes Abog. Carlos Adolfo Arregui.<\/p>\n<p style=\"text-align: justify;\">La elaboraci\u00f3n del\u00a0<strong>PEEP,<\/strong> fue Declarada Prioridad Nacional por Decreto N\u00b0 8413 del 10\/02\/12 y ha sido posible gracias a un programa de asistencia t\u00e9cnica iniciado a mediados del a\u00f1o 2012, involucrando a expertos del Fondo Monetario Internacional-FMI y del Banco Interamericano del Desarrollo-BID en calidad de facilitadores. Fue financiado con el respaldo del \u00abFideicomiso Tem\u00e1tico para la Asistencia T\u00e9cnica contra el LA\/FT\u00bb que administra el FMI.<\/p>\n<p style=\"text-align: justify;\"><a style=\"font-family: inherit; text-align: start;\" href=\"\/documentos\/8413%20PEN%20ALA%20CFT.pdf\" target=\"_blank\" rel=\"noreferrer noopener\"><img loading=\"lazy\" decoding=\"async\" class=\"wp-image-593\" src=\"\/wp-content\/uploads\/2025\/03\/pdf-1.png\" alt=\"\" width=\"83\" height=\"83\" srcset=\"\/wp-content\/uploads\/2025\/03\/pdf-1.png 512w, \/wp-content\/uploads\/2025\/03\/pdf-1-300x300.png 300w, \/wp-content\/uploads\/2025\/03\/pdf-1-150x150.png 150w\" sizes=\"auto, (max-width: 83px) 100vw, 83px\" \/><\/a><\/p>\n<\/div>\n<figure class=\"wp-block-media-text__media\"><img loading=\"lazy\" decoding=\"async\" class=\"alignnone wp-image-2630 size-full\" src=\"\/wp-content\/uploads\/2025\/07\/PEEP.jpg\" alt=\"\" width=\"662\" height=\"884\" srcset=\"\/wp-content\/uploads\/2025\/07\/PEEP.jpg 662w, \/wp-content\/uploads\/2025\/07\/PEEP-225x300.jpg 225w\" sizes=\"auto, (max-width: 662px) 100vw, 662px\" \/><\/figure>\n<\/div>\n<p style=\"text-align: justify;\"><span style=\"font-weight: 400;\">La elaboraci\u00f3n del <\/span><b>PEEP,<\/b><span style=\"font-weight: 400;\"> fue Declarada Prioridad Nacional por Decreto N\u00b0 8413 del 10\/02\/12 y ha sido posible gracias a un programa de asistencia t\u00e9cnica iniciado a mediados del a\u00f1o 2012, involucrando a expertos del Fondo Monetario Internacional-FMI y del Banco Interamericano del Desarrollo-BID en calidad de facilitadores. Fue financiado con el respaldo del \u00abFideicomiso Tem\u00e1tico para la Asistencia T\u00e9cnica contra el LA\/FT\u00bb que administra el FMI. Ver Decreto.<\/span><\/p>\n<p style=\"text-align: justify;\"><span style=\"font-weight: 400;\">Su desarrollo inicialmente ha sido liderado por la Secretar\u00eda de Prevenci\u00f3n de Lavado de Dinero o Bienes \u2013 SEPRELAD y el Banco Central del Paraguay \u2013 BCP, con la participaci\u00f3n de m\u00e1s de veinte (20) instituciones p\u00fablicas y entidades privadas, que a traves de un proceso de decisiones adoptadas por consenso; definieron la direcci\u00f3n estrat\u00e9gica que fortalecer\u00e1 el <\/span><b>SISTEMA NACIONAL ANTI LAVADO DE ACTIVOS y CONTRA EL FINANCIAMIENTO DEL TERRORISMO (ALA\/CFT)<\/b><span style=\"font-weight: 400;\">. Es as\u00ed que por Decreto N\u00b0 11.200 del 11\/06\/13, la Rep\u00fablica del Paraguay lanza su <\/span><b>PRIMER PLAN ESTRATEGICO DEL ESTADO PARAGUAYO (PEEP) para el combate al LA\/FT\/FP.<\/b><\/p>\n<p><span style=\"font-weight: 400;\"> <\/span><\/p>\n<figure class=\"wp-block-image size-full is-resized\"><a href=\"\/resoluciones\/resoluciones\/n_11200.pdf\" target=\"_blank\" rel=\"noreferrer noopener\"><img loading=\"lazy\" decoding=\"async\" class=\"wp-image-593\" src=\"\/wp-content\/uploads\/2025\/03\/pdf-1.png\" alt=\"\" width=\"71\" height=\"71\" srcset=\"\/wp-content\/uploads\/2025\/03\/pdf-1.png 512w, \/wp-content\/uploads\/2025\/03\/pdf-1-300x300.png 300w, \/wp-content\/uploads\/2025\/03\/pdf-1-150x150.png 150w\" sizes=\"auto, (max-width: 71px) 100vw, 71px\" \/><\/a><\/figure>\n<p><span style=\"font-weight: 400;\"><\/span><\/p>\n<p><span style=\"font-weight: 400;\">Su naturaleza es esencialmente t\u00e9cnica, con fortalezas y lineamientos acordes a las m\u00e1s recientes y modernas modificaciones de los Est\u00e1ndares Internacionales que rigen la materia, como las Nuevas 40 Recomendaciones, aprobada por el Grupo de Acci\u00f3n Financiera \u2013 GAFI. Ver Rec.GAFI.<\/span><\/p>\n<div class=\"wp-block-media-text is-stacked-on-mobile\">\u00a0<\/div>\n\n\n<figure class=\"wp-block-image size-full\"><img loading=\"lazy\" decoding=\"async\" width=\"454\" height=\"610\" src=\"\/wp-content\/uploads\/2025\/07\/ENR-2019.jpeg\" alt=\"\" class=\"wp-image-2633\" srcset=\"\/wp-content\/uploads\/2025\/07\/ENR-2019.jpeg 454w, \/wp-content\/uploads\/2025\/07\/ENR-2019-223x300.jpeg 223w\" sizes=\"auto, (max-width: 454px) 100vw, 454px\" \/><\/figure>\n\n\n<div class=\"pag-hero\">\n<div class=\"wp-block-media-text__content\">\n<p><strong>OBJETIVOS<\/strong><\/p>\n<p style=\"text-align: justify;\">Siendo una Pol\u00edtica de Estado, sus objetivos generales son el\u00a0establecimiento de un sistema eficaz para la lucha contra estos flagelos, as\u00ed como; la protecci\u00f3n de la integridad del sistema econ\u00f3mico, preservando el orden y la seguridad p\u00fablica nacional.<\/p>\n<p style=\"text-align: justify;\">Cuenta con objetivos de car\u00e1cter transversal, que afectan a todo el\u00a0<strong>SISTEMA NACIONAL ALA\/CFT<\/strong>\u00a0concernientes a cada uno de los tres componentes constitutivos para la lucha contra el LA\/FT\/FP, siendo; la prevenci\u00f3n, detecci\u00f3n\/inteligencia, investigaci\u00f3n y justicia penal.<\/p>\n<p style=\"text-align: justify;\">El 24\/10\/18 por Decreto N\u00b0 507, se realiza la \u00faltima actualizaci\u00f3n de la\u00a0<strong>EVALUACION NACIONAL DE RIESGO PAIS EN MATERIA DE LD\/FT<\/strong>\u00a0y se aprueba la\u00a0<strong>INCORPORACION de los NUEVOS OBJETIVOS y ACCIONES del PEEP de lucha contra el LA\/FT\/FP<\/strong>, conformado por veintinueve (29) objetivos distribuidos en sesenta y cinco (65) acciones.\u00a0<a href=\"\/documentos\/Dcto%20N%20507-18_PEEP_Plan_de_Accion_24-10-18.pdf\" target=\"_blank\" rel=\"noopener\"><img loading=\"lazy\" decoding=\"async\" class=\"wp-image-593\" src=\"\/wp-content\/uploads\/2025\/03\/pdf-1.png\" alt=\"\" width=\"80\" height=\"80\" srcset=\"\/wp-content\/uploads\/2025\/03\/pdf-1.png 512w, \/wp-content\/uploads\/2025\/03\/pdf-1-300x300.png 300w, \/wp-content\/uploads\/2025\/03\/pdf-1-150x150.png 150w\" sizes=\"auto, (max-width: 80px) 100vw, 80px\" \/><\/a><\/p>\n<p style=\"text-align: justify;\">De esta manera el Estado Paraguayo, garantiza el futuro del pa\u00eds, contribuyendo al crecimiento y desarrollo econ\u00f3mico sustentable, transmitiendo confiabilidad a la comunidad internacional.<\/p>\n<p style=\"text-align: justify;\"><a href=\"\/documentos\/Ministra%20PROLOGO.jpg\" target=\"_blank\" rel=\"noopener\"><img loading=\"lazy\" decoding=\"async\" class=\"wp-image-593\" src=\"\/wp-content\/uploads\/2025\/03\/pdf-1.png\" alt=\"\" width=\"84\" height=\"84\" srcset=\"\/wp-content\/uploads\/2025\/03\/pdf-1.png 512w, \/wp-content\/uploads\/2025\/03\/pdf-1-300x300.png 300w, \/wp-content\/uploads\/2025\/03\/pdf-1-150x150.png 150w\" sizes=\"auto, (max-width: 84px) 100vw, 84px\" \/><\/a><\/p>\n<p style=\"text-align: justify;\"><a href=\"https:\/\/www.seprelad.gov.py\/documentos\/Ministra%20PROLOGO.jpg\"><!-- \/wp:post-content --><\/a><\/p>\n<p style=\"text-align: justify;\"><strong style=\"font-size: revert; color: initial; font-family: inherit;\">PLAN DE ACCION<\/strong><\/p>\n<\/div>\n<\/div>\n<div class=\"wp-block-media-text has-media-on-the-right is-stacked-on-mobile\">\n<div class=\"wp-block-media-text__content\">\n<p style=\"text-align: justify;\">El\u00a0<strong>PLAN de ACCION<\/strong>, fija los objetivos estrat\u00e9gicos y las acciones concretas destinadas a alcanzarlos, identificando a las instituciones responsables de ejecutarlas.\u00a0<\/p>\n<p style=\"text-align: justify;\"><a href=\"\/documentos\/Plan%20de%20Accion%20RESUMEN%20SEPRELAD_2019.pdf\" target=\"_blank\" rel=\"noopener\"><img loading=\"lazy\" decoding=\"async\" class=\"wp-image-593\" src=\"\/wp-content\/uploads\/2025\/03\/pdf-1.png\" alt=\"\" width=\"72\" height=\"72\" srcset=\"\/wp-content\/uploads\/2025\/03\/pdf-1.png 512w, \/wp-content\/uploads\/2025\/03\/pdf-1-300x300.png 300w, \/wp-content\/uploads\/2025\/03\/pdf-1-150x150.png 150w\" sizes=\"auto, (max-width: 72px) 100vw, 72px\" \/><\/a><a href=\"https:\/\/www.seprelad.gov.py\/documentos\/Plan%20de%20Accion%20RESUMEN%20SEPRELAD_2019.pdf\"><!-- \/wp:image --><\/a><\/p>\n<p style=\"text-align: justify;\">Este trabajo coordinado debe integrarse a otros esfuerzos estatales contra la delincuencia organizada y la corrupci\u00f3n, sustentando los pilares estructurales necesarios para la eficacia de un\u00a0<strong>SISTEMA NACIONAL ALA\/CFT<\/strong>; con la estabilidad y el compromiso pol\u00edtico de instituciones estables, responsables, integras y transparentes.<\/p>\n<p style=\"text-align: justify;\">Un Plan Estrat\u00e9gico es uno de los instrumentos m\u00e1s importantes para un pa\u00eds en cualquier sociedad del mundo, esto permite que el gobierno nacional incluya en su agenda el camino al \u00abperfeccionamiento\u00bb, ayudando a una gesti\u00f3n transparente, confiable e integrada internacionalmente, as\u00ed como a la utilizaci\u00f3n y la redistribuci\u00f3n eficiente de sus recursos, mediante la focalizaci\u00f3n inteligente en aquellos riesgos concretos que lo afectan. Finalmente, el Estado tiene la obligaci\u00f3n de trabajar por la sociedad, construyendo una nueva perspectiva \u00e9tica para nuestro pa\u00eds, el\u00a0<strong>PEEP<\/strong>\u00a0ha sido dise\u00f1ado para organizar el esfuerzo estatal de la Rep\u00fablica del Paraguay, elemento principal en el fortalecimiento de la coordinaci\u00f3n entre los diversos organismos del Estado, de manera a mejorar apuntando a la implementaci\u00f3n m\u00e1s efectiva del\u00a0<strong>SISTEMA NACIONAL ALA\/CFT,<\/strong>\u00a0y al mismo tiempo; asegurar el \u00e9xito en las futuras rondas de Evaluaciones Mutuas.<\/p>\n<\/div>\n<\/div>","protected":false},"excerpt":{"rendered":"<p>El Plan Estrat\u00e9gico del Estado Paraguayo\u00a0\u00a0(PEEP) de Combate al Lavado de Activos (LA), el Financiamiento del Terrorismo (FT) y a la Proliferaci\u00f3n de Armas de Destrucci\u00f3n Masiva (FP), es una Pol\u00edtica de Estado que tiene por objeto organizar las acciones de las instituciones competentes para prevenir, detectar y reprimir eficazmente dichos delitos, a efectos de [&hellip;]<\/p>\n","protected":false},"author":1,"featured_media":0,"parent":0,"menu_order":0,"comment_status":"closed","ping_status":"closed","template":"","meta":{"footnotes":""},"class_list":["post-2030","page","type-page","status-publish","hentry"],"_links":{"self":[{"href":"\/index.php?rest_route=\/wp\/v2\/pages\/2030","targetHints":{"allow":["GET"]}}],"collection":[{"href":"\/index.php?rest_route=\/wp\/v2\/pages"}],"about":[{"href":"\/index.php?rest_route=\/wp\/v2\/types\/page"}],"author":[{"embeddable":true,"href":"\/index.php?rest_route=\/wp\/v2\/users\/1"}],"replies":[{"embeddable":true,"href":"\/index.php?rest_route=%2Fwp%2Fv2%2Fcomments&post=2030"}],"version-history":[{"count":45,"href":"\/index.php?rest_route=\/wp\/v2\/pages\/2030\/revisions"}],"predecessor-version":[{"id":2838,"href":"\/index.php?rest_route=\/wp\/v2\/pages\/2030\/revisions\/2838"}],"wp:attachment":[{"href":"\/index.php?rest_route=%2Fwp%2Fv2%2Fmedia&parent=2030"}],"curies":[{"name":"wp","href":"https:\/\/api.w.org\/{rel}","templated":true}]}}