{"id":2015,"date":"2025-06-18T16:55:22","date_gmt":"2025-06-18T14:55:22","guid":{"rendered":"http:\/\/10.1.3.5\/seprelad\/?page_id=2015"},"modified":"2025-06-30T19:50:32","modified_gmt":"2025-06-30T17:50:32","slug":"dna-direccion-nacional-de-aduanas","status":"publish","type":"page","link":"\/?page_id=2015","title":{"rendered":"Declaraci\u00f3n en la Gerencia General de Aduanas"},"content":{"rendered":"<p><strong>DNA &#8211; DIRECCION NACIONAL DE ADUANAS<\/strong><\/p>\n<p><strong>1. Registrar\u00a0Declaraci\u00f3n electr\u00f3nica Aduanera de Viajeros<\/strong><\/p>\n<p><a href=\"https:\/\/secure.aduana.gov.py\/sara2\/app\/#\/login\" target=\"_blank\" rel=\"noopener\">https:\/\/secure.aduana.gov.py\/sara2\/app\/#\/login<\/a><\/p>\n<p><strong>2.\u00a0Pre &#8211; Declaraci\u00f3n de Importaci\u00f3n, Resoluci\u00f3n Nro 56-2019 SEPRELAD<\/strong><\/p>\n<p><a href=\"https:\/\/www.aduana.gov.py\/?page_id=9687\">https:\/\/www.aduana.gov.py\/?page_id=9687<\/a><\/p>\n\n\n<p><\/p>\n","protected":false},"excerpt":{"rendered":"<p>DNA &#8211; DIRECCION NACIONAL DE ADUANAS 1. Registrar\u00a0Declaraci\u00f3n electr\u00f3nica Aduanera de Viajeros https:\/\/secure.aduana.gov.py\/sara2\/app\/#\/login 2.\u00a0Pre &#8211; Declaraci\u00f3n de Importaci\u00f3n, Resoluci\u00f3n Nro 56-2019 SEPRELAD https:\/\/www.aduana.gov.py\/?page_id=9687<\/p>\n","protected":false},"author":1,"featured_media":0,"parent":0,"menu_order":0,"comment_status":"closed","ping_status":"closed","template":"","meta":{"footnotes":""},"class_list":["post-2015","page","type-page","status-publish","hentry"],"_links":{"self":[{"href":"\/index.php?rest_route=\/wp\/v2\/pages\/2015","targetHints":{"allow":["GET"]}}],"collection":[{"href":"\/index.php?rest_route=\/wp\/v2\/pages"}],"about":[{"href":"\/index.php?rest_route=\/wp\/v2\/types\/page"}],"author":[{"embeddable":true,"href":"\/index.php?rest_route=\/wp\/v2\/users\/1"}],"replies":[{"embeddable":true,"href":"\/index.php?rest_route=%2Fwp%2Fv2%2Fcomments&post=2015"}],"version-history":[{"count":2,"href":"\/index.php?rest_route=\/wp\/v2\/pages\/2015\/revisions"}],"predecessor-version":[{"id":2111,"href":"\/index.php?rest_route=\/wp\/v2\/pages\/2015\/revisions\/2111"}],"wp:attachment":[{"href":"\/index.php?rest_route=%2Fwp%2Fv2%2Fmedia&parent=2015"}],"curies":[{"name":"wp","href":"https:\/\/api.w.org\/{rel}","templated":true}]}}